{"id":11,"date":"2014-11-11T03:54:10","date_gmt":"2014-11-11T03:54:10","guid":{"rendered":"https:\/\/eireneargentina.org\/?page_id=11"},"modified":"2022-12-01T22:24:08","modified_gmt":"2022-12-01T22:24:08","slug":"talleres","status":"publish","type":"page","link":"https:\/\/eireneargentina.org\/?page_id=11","title":{"rendered":"Talleres"},"content":{"rendered":"<h3><\/h3>\n<h3><img decoding=\"async\" loading=\"lazy\" class=\"aligncenter wp-image-2742 size-full\" src=\"https:\/\/eireneargentina.org\/wp-content\/uploads\/2022\/06\/Eirene-TALLERES-2021-con-Charlas-Virtuales.png\" alt=\"\" width=\"296\" height=\"415\" srcset=\"https:\/\/eireneargentina.org\/wp-content\/uploads\/2022\/06\/Eirene-TALLERES-2021-con-Charlas-Virtuales.png 296w, https:\/\/eireneargentina.org\/wp-content\/uploads\/2022\/06\/Eirene-TALLERES-2021-con-Charlas-Virtuales-214x300.png 214w, https:\/\/eireneargentina.org\/wp-content\/uploads\/2022\/06\/Eirene-TALLERES-2021-con-Charlas-Virtuales-107x150.png 107w\" sizes=\"(max-width: 296px) 100vw, 296px\" \/><a class=\"row-title\" href=\"https:\/\/eireneargentina.org\/wp-admin\/post.php?post=2530&amp;action=edit\">Estr\u00e9s, una mirada desde lo fisiol\u00f3gico y nuestro sistema de creencias<\/a><\/h3>\n<ul>\n<li><a class=\"row-title\" href=\"https:\/\/eireneargentina.org\/wp-admin\/post.php?post=2407&amp;action=edit\">Adultos y Neurociencias<\/a><\/li>\n<li><a class=\"row-title\" href=\"https:\/\/eireneargentina.org\/wp-admin\/post.php?post=2460&amp;action=edit\">Prevenci\u00f3n de Suicidio Adolescente<\/a><\/li>\n<li>C\u00f3mo me valoro (Autoestima)<\/li>\n<li>Aconsejando b\u00edblicamente<\/li>\n<\/ul>\n<h6><\/h6>\n<p><strong><span style=\"color: #99cc00;\">MIR\u00c1 OTROS TALLERES QUE TAMBI\u00c9N CO-ORGANIZAMOS JUNTO A\u00a0SU IGLESIA\/ONG<br \/>\n<\/span><\/strong><img decoding=\"async\" loading=\"lazy\" class=\"aligncenter size-full wp-image-302\" src=\"https:\/\/eireneargentina.org\/wp-content\/uploads\/2014\/11\/talleres-web.jpg\" alt=\"talleres-web\" width=\"812\" height=\"986\" srcset=\"https:\/\/eireneargentina.org\/wp-content\/uploads\/2014\/11\/talleres-web.jpg 812w, https:\/\/eireneargentina.org\/wp-content\/uploads\/2014\/11\/talleres-web-247x300.jpg 247w, https:\/\/eireneargentina.org\/wp-content\/uploads\/2014\/11\/talleres-web-768x933.jpg 768w, https:\/\/eireneargentina.org\/wp-content\/uploads\/2014\/11\/talleres-web-124x150.jpg 124w\" sizes=\"(max-width: 812px) 100vw, 812px\" \/><\/p>\n<p><strong>Responsable de AREA<\/strong>:\u00a0Silvia MARTIN<\/p>\n<p><strong>PROP\u00d3SITO<\/strong><br \/>\nEl modelo tradicional familiar est\u00e1 en crisis. Algunos de los factores que contribuyen a la crisis son los cambios de valores, la permisividad, la p\u00e9rdida de la autoridad parental y la desintegraci\u00f3n familiar.<br \/>\nCon el compromiso asumido en el fortalecimiento familiar como ministerio ponemos al servicio de iglesias, comunidades educativas, instituciones de servicio cristiano y teol\u00f3gicas, una serie de talleres con el prop\u00f3sito de promover espacios de crecimiento familiar y educativo.<br \/>\nLos talleres son coordinados por un grupo de profesionales con un fuerte compromiso con el Reino de Dios y sus iglesias locales.<\/p>\n<p><strong>Eirene tambi\u00e9n ofrece diferentes talleres de acuerdo a las necesidades planteadas por iglesias, ongs, etc.<\/strong><\/p>\n<p><em>Solicite informaci\u00f3n sobre modalidades y costos de los mismos. Consultar por otros talleres y temas seg\u00fan necesidades.<br \/>\nContacto: <\/em><a href=\"mailto:talleres@eireneargentina.org\">talleres@eireneargentina.org<\/a><\/p>\n<p><span style=\"border-radius: 2px; text-indent: 20px; width: auto; padding: 0px 4px 0px 0px; text-align: center; font: bold 11px\/20px 'Helvetica Neue',Helvetica,sans-serif; color: #ffffff; background: #bd081c no-repeat scroll 3px 50% \/ 14px 14px; position: absolute; opacity: 0.85; z-index: 8675309; display: none; cursor: pointer; top: 461px; left: 113px;\">Guardar<\/span><\/p>\n","protected":false},"excerpt":{"rendered":"<p>Estr\u00e9s, una mirada desde lo fisiol\u00f3gico y nuestro sistema de creencias Adultos y Neurociencias Prevenci\u00f3n de Suicidio Adolescente C\u00f3mo me valoro (Autoestima) Aconsejando b\u00edblicamente MIR\u00c1\u2026<\/p>\n<p> <a class=\"continue-reading-link\" href=\"https:\/\/eireneargentina.org\/?page_id=11\"><span>Seguir Leyendo<\/span><i class=\"crycon-right-dir\"><\/i><\/a> <\/p>\n","protected":false},"author":1,"featured_media":0,"parent":0,"menu_order":0,"comment_status":"closed","ping_status":"closed","template":"","meta":[],"_links":{"self":[{"href":"https:\/\/eireneargentina.org\/index.php?rest_route=\/wp\/v2\/pages\/11"}],"collection":[{"href":"https:\/\/eireneargentina.org\/index.php?rest_route=\/wp\/v2\/pages"}],"about":[{"href":"https:\/\/eireneargentina.org\/index.php?rest_route=\/wp\/v2\/types\/page"}],"author":[{"embeddable":true,"href":"https:\/\/eireneargentina.org\/index.php?rest_route=\/wp\/v2\/users\/1"}],"replies":[{"embeddable":true,"href":"https:\/\/eireneargentina.org\/index.php?rest_route=%2Fwp%2Fv2%2Fcomments&post=11"}],"version-history":[{"count":19,"href":"https:\/\/eireneargentina.org\/index.php?rest_route=\/wp\/v2\/pages\/11\/revisions"}],"predecessor-version":[{"id":3774,"href":"https:\/\/eireneargentina.org\/index.php?rest_route=\/wp\/v2\/pages\/11\/revisions\/3774"}],"wp:attachment":[{"href":"https:\/\/eireneargentina.org\/index.php?rest_route=%2Fwp%2Fv2%2Fmedia&parent=11"}],"curies":[{"name":"wp","href":"https:\/\/api.w.org\/{rel}","templated":true}]}}