{"id":2,"date":"2014-11-11T03:02:33","date_gmt":"2014-11-11T03:02:33","guid":{"rendered":"https:\/\/eireneargentina.org\/?page_id=2"},"modified":"2022-12-02T03:21:52","modified_gmt":"2022-12-02T03:21:52","slug":"sobre-nosotros","status":"publish","type":"page","link":"https:\/\/eireneargentina.org\/?page_id=2","title":{"rendered":"Sobre Nosotros"},"content":{"rendered":"<h2><strong>\u00bfQu\u00e9 es Eirene?\u00a0<\/strong><\/h2>\n<p>Somos una asociaci\u00f3n civil, sin fines de lucro, abocada a trabajar con las familias de Argentina.<\/p>\n<p>Su nombre \u201cEirene\u201d, proviene de la lengua griega que significa \u201carmon\u00eda\/vida plena\u201d y el equivalente al hebreo \u201cShalom\u201d.<\/p>\n<h2><strong>El origen<\/strong><\/h2>\n<p>Nuestros or\u00edgenes se remontan a 1975 en Quito, Ecuador, cuando los hermanos de la Fraternidad Teol\u00f3gica Latinoamericana, inquietos por descubrir nuevos caminos de acompa\u00f1amiento a las familias, se reunieron en una consulta internacional. Esta semilla se fue esparciendo por m\u00e1s de veinte pa\u00edses en Am\u00e9rica Latina y en el a\u00f1o 1992 lleg\u00f3 a nuestro pa\u00eds.<\/p>\n<p>As\u00ed surgi\u00f3 EIRENE Argentina, como un ministerio integrado a la Fundaci\u00f3n Kair\u00f3s. En el a\u00f1o 2006, EIRENE Argentina se constituy\u00f3 como una Asociaci\u00f3n Civil independiente de la Fundaci\u00f3n Kair\u00f3s, manteniendo relaciones fraternales con esta \u00faltima.<\/p>\n<h2><strong>Nuestra Visi\u00f3n<\/strong><\/h2>\n<p>EIRENE Argentina \u2013 Servicio Integral a la Familia Asociaci\u00f3n Civil \u2013 est\u00e1 al servicio del prop\u00f3sito de Dios para la familia, en medio de un contexto atravesado por las crisis.Creemos que las familias son vitales para el desarrollo de personas saludables y una sociedad saludable.<\/p>\n<p>Tiene la mirada puesta en la iglesia local como la matriz de relaciones sanas, basadas en el amor y orientadas hacia la formaci\u00f3n de una sociedad caracterizada por la justicia, la paz y la integridad de la creaci\u00f3n.<\/p>\n<p>Nuestro trabajo se encuentra basado en valores b\u00edblicos, realizando un aporte que marca un ideal, el cual intenta promover la esperanza de un camino de restauraci\u00f3n posible para la familia actual.<\/p>\n<p><strong>NUESTRO SUE\u00d1O ES QUE HAYA PERSONAS EGRESADAS DE NUESTRA INSTITUCI\u00d3N QUE ACT\u00daEN COMO AGENTES DE PREVENCI\u00d3N Y SALUD EN MEDIO DE LAS FAMILIAS ARGENTINAS, LLEGANDO A todo el PA\u00cdS.<\/strong><\/p>\n<p>A su vez, deseamos contribuir a la asistencia de las familias en sus diferentes aspectos apuntado a la salud integral de cada integrante.<\/p>\n<h2><strong>Nuestra Misi\u00f3n<\/strong><\/h2>\n<p>En Eirene, buscamos acompa\u00f1ar a las familias a trav\u00e9s de diferentes servicios.<\/p>\n<p>Desde las capacitaciones buscamos fortalecer los v\u00ednculos familiares ;\u00a0 dar herramientas para la prevenci\u00f3n de disfunciones y recursos para\u00a0 atravesar las diferentes etapas del ciclo vital.<\/p>\n<p>Esto lo realizamos desde el <strong>ISFI (Ins. Sup. de Form. INt.)<\/strong> desde la Tecnicatura Sup. en Orientac. Fliar y la Tec. Sup en Trabajo Social, ambas a distancia y con T\u00edtulo oficial, como as\u00ed tambi\u00e9n los posgrados en Violencia Familiar y Resoluci\u00f3n de Conflictos.<\/p>\n<p>Otras opciones de acompa\u00f1amiento desde la educaci\u00f3n no formal\u00a0 se realizan a trav\u00e9s del <strong>Diplomado en Pastoral Familiar<\/strong> con m\u00f3dulos que se cursan a distancia,\u00a0 y tambi\u00e9n desde el \u00e1rea de <strong>Talleres,\u00a0<\/strong> acercando los mismos a grupos o instituciones que lo soliciten abarcando toda la tem\u00e1tica inherente a la familia de hoy.<\/p>\n<p>Por otro lado ofrece atenci\u00f3n en situaciones de crisis o bien\u00a0 asesoramiento profesional para las familias desde el <strong>Centro Familiar<\/strong>\u00a0 a cargo de psic\u00f3logos, psicopedagogos, psiquiatras y abogados de amplia trayectoria.<\/p>\n<p>Por el ideario expresado, creemos importante trabajar con todos tipo de familias, en pos su desarrollo saludable, fortaleci\u00e9ndolas, atendi\u00e9ndolas, capacit\u00e1ndolas, previniendo y orientando.<\/p>\n<p>Nuestras acciones apuntan a toda la sociedad, encontr\u00e1ndonos dispuestos a trabajar con familias, iglesias, centros comunitarios,o.n.gs\u00a0 etc.<\/p>\n<h2>Declaraci\u00f3n de Prop\u00f3sitos:<\/h2>\n<p>&#8211;\u00a0\u00a0\u00a0\u00a0\u00a0\u00a0 Equipar para desarrollarse.<\/p>\n<p>&#8211;\u00a0\u00a0\u00a0\u00a0\u00a0\u00a0 Equipar para trabajar en zonas\/familias vulnerables.<\/p>\n<p>&#8211;\u00a0\u00a0\u00a0\u00a0\u00a0\u00a0 Incidencia en pol\u00edticas familiares.<\/p>\n<p>&#8211;\u00a0\u00a0\u00a0\u00a0\u00a0\u00a0 Padres y adultos responsables para familias sanas.<\/p>\n<p>&#8211;\u00a0\u00a0\u00a0\u00a0\u00a0\u00a0 Asistencia para acompa\u00f1ar en situaciones dif\u00edciles.<\/p>\n<h2>Programas:<\/h2>\n<p><strong>Capacitaci\u00f3n:<\/strong><br \/>\n<strong>Instituto Superior de Formaci\u00f3n Integral<\/strong> (Tecnicatura Superior en Orientaci\u00f3n Familiar, Tecnicatura Superior en Trabajo Social, Especializaci\u00f3n en Resoluci\u00f3n de Conflictos, Especializaci\u00f3n en Violencia. Todas con T\u00edtulo oficial)<\/p>\n<p><strong>Diplomatura en Pastoral Familiar<\/strong> ( 6 m\u00f3dulos a distancia )<\/p>\n<p><strong>Charlas Virtuales:<\/strong> Ciclo de temas de actualidad, por plataformas y redes.<\/p>\n<p><strong>Talleres:<\/strong> Para grupos que lo soliciten orientados en temas de familia<\/p>\n<p><strong>Asistencia<\/strong>: Centro Familiar (en Capital Federal y San Justo). Atenci\u00f3n psicol\u00f3gica, psiqui\u00e1trica, fonoaudiolog\u00eda, orientaci\u00f3n vocacional, orientaci\u00f3n a padres, aptos psicol\u00f3gicos, etc.<\/p>\n<p><strong>\u00a0<\/strong><\/p>\n","protected":false},"excerpt":{"rendered":"<p>\u00bfQu\u00e9 es Eirene?\u00a0 Somos una asociaci\u00f3n civil, sin fines de lucro, abocada a trabajar con las familias de Argentina. Su nombre \u201cEirene\u201d, proviene de la\u2026<\/p>\n<p> <a class=\"continue-reading-link\" href=\"https:\/\/eireneargentina.org\/?page_id=2\"><span>Seguir Leyendo<\/span><i class=\"crycon-right-dir\"><\/i><\/a> <\/p>\n","protected":false},"author":1,"featured_media":0,"parent":0,"menu_order":0,"comment_status":"closed","ping_status":"closed","template":"","meta":[],"_links":{"self":[{"href":"https:\/\/eireneargentina.org\/index.php?rest_route=\/wp\/v2\/pages\/2"}],"collection":[{"href":"https:\/\/eireneargentina.org\/index.php?rest_route=\/wp\/v2\/pages"}],"about":[{"href":"https:\/\/eireneargentina.org\/index.php?rest_route=\/wp\/v2\/types\/page"}],"author":[{"embeddable":true,"href":"https:\/\/eireneargentina.org\/index.php?rest_route=\/wp\/v2\/users\/1"}],"replies":[{"embeddable":true,"href":"https:\/\/eireneargentina.org\/index.php?rest_route=%2Fwp%2Fv2%2Fcomments&post=2"}],"version-history":[{"count":9,"href":"https:\/\/eireneargentina.org\/index.php?rest_route=\/wp\/v2\/pages\/2\/revisions"}],"predecessor-version":[{"id":3785,"href":"https:\/\/eireneargentina.org\/index.php?rest_route=\/wp\/v2\/pages\/2\/revisions\/3785"}],"wp:attachment":[{"href":"https:\/\/eireneargentina.org\/index.php?rest_route=%2Fwp%2Fv2%2Fmedia&parent=2"}],"curies":[{"name":"wp","href":"https:\/\/api.w.org\/{rel}","templated":true}]}}