{"id":332,"date":"2016-07-08T14:41:51","date_gmt":"2016-07-08T14:41:51","guid":{"rendered":"http:\/\/eireneargentina.com.ar\/?page_id=332"},"modified":"2024-05-13T21:07:58","modified_gmt":"2024-05-13T21:07:58","slug":"capacitaciones","status":"publish","type":"page","link":"https:\/\/eireneargentina.org\/?page_id=332","title":{"rendered":"Diplomado en Pastoral Familiar"},"content":{"rendered":"<h5><strong>(Actualizado Abril 2024)<\/strong><\/h5>\n<p><a href=\"https:\/\/eireneargentina.org\/wp-content\/uploads\/2024\/05\/Pastoral-familiar-2024.pdf\">PASTORAL FAMILIAR &#8211; Informaci\u00f3n 2024 01-0001<\/a><\/p>\n<h3><span style=\"color: #33cccc;\">Dictado por <strong>EIRENE<\/strong><\/span><\/h3>\n<p><img decoding=\"async\" loading=\"lazy\" class=\"size-full wp-image-3609 aligncenter\" src=\"https:\/\/eireneargentina.org\/wp-content\/uploads\/2022\/11\/diplomado-en-familia.png\" alt=\"\" width=\"1080\" height=\"1080\" srcset=\"https:\/\/eireneargentina.org\/wp-content\/uploads\/2022\/11\/diplomado-en-familia.png 1080w, https:\/\/eireneargentina.org\/wp-content\/uploads\/2022\/11\/diplomado-en-familia-300x300.png 300w, https:\/\/eireneargentina.org\/wp-content\/uploads\/2022\/11\/diplomado-en-familia-1024x1024.png 1024w, https:\/\/eireneargentina.org\/wp-content\/uploads\/2022\/11\/diplomado-en-familia-150x150.png 150w, https:\/\/eireneargentina.org\/wp-content\/uploads\/2022\/11\/diplomado-en-familia-768x768.png 768w\" sizes=\"(max-width: 1080px) 100vw, 1080px\" \/><\/p>\n<hr \/>\n<h2><span style=\"color: #99cc00;\">INSCRIPCIONES ABIERTAS: <\/span><\/h2>\n<h3><span style=\"color: #333333;\">Seguinos en <a href=\"https:\/\/www.facebook.com\/diplomadopastoralfamiliar\">Facebook<\/a><\/span><\/h3>\n<hr \/>\n<p><span style=\"color: #33cccc;\"><span style=\"color: #333333;\">El Diplomado consta de 6 m\u00f3dulos de 12 lecciones cada uno (+ 1 lecci\u00f3n extra):<\/span><\/span><\/p>\n<ol>\n<li>Fundamento b\u00edblico e hist\u00f3rico de la familia<\/li>\n<li>Pastoral de la pareja matrimonial<\/li>\n<li>Pastoral de la Paternidad<\/li>\n<li>Pastoral de los Ciclos Vitales Familiares<\/li>\n<li>Pastoral de las diferentes configuraciones familiares<\/li>\n<li>Pastoral de las familias disfuncionales<\/li>\n<\/ol>\n<p>Cada m\u00f3dulo se integra con un Manual (Papel o digital) m\u00e1s\u00a0un DVD con clases grabadas de 30&#8242; por cada lecci\u00f3n.<\/p>\n<hr \/>\n<h4><\/h4>\n<hr \/>\n<h4><strong>UNA NECESIDAD:<\/strong><\/h4>\n<p>El acompa\u00f1amiento pastoral de las familias es uno de los desaf\u00edos m\u00e1s importantes en la iglesia.<br \/>\nTanto para la tarea preventiva como para las intervenciones en las crisis, son necesarias herramientas b\u00edblicas, teol\u00f3gicas y profesionales en las manos de todos aquellos que ministran y trabajan con familias.<\/p>\n<h4><strong>UNA RESPUESTA:<\/strong><\/h4>\n<p>Tomando en cuenta esta necesidad el Instituto Teol\u00f3gico FIET e EIRENE se han asociado para producir este programa de PASTORAL FAMILIAR.<br \/>\nEIRENE aporta sus profesionales con una amplia experiencia en la consejer\u00eda profesional y cristiana.<br \/>\nFIET contribuye con su pericia en el desarrollo de programas centrados en las necesidades de la iglesia y con una perspectiva contempor\u00e1nea.<\/p>\n<h4><strong>UN PROGRAMA:<\/strong><\/h4>\n<p>El programa de Pastoral Familiar est\u00e1 especialmente dise\u00f1ado para todos aquellos que desarrollan ministerios vinculados a la familia (pastores, l\u00edderes celulares, consejeros, etc.) y tiene como objetivos:<br \/>\n*Reconocer y celebrar las m\u00faltiples expresiones y modelos familiares.<br \/>\n*Prevenir las disfunciones a partir de los valores b\u00edblicos.<br \/>\n*Mejorar la convivencia cotidiana.<br \/>\n*Facilitar recursos para la resoluci\u00f3n de conflictos.<br \/>\n*Ofrecer herramientas para la prevenci\u00f3n y la intervenci\u00f3n en conflictos.<\/p>\n<p><img decoding=\"async\" loading=\"lazy\" class=\"alignnone size-full wp-image-353\" src=\"https:\/\/eireneargentina.org\/wp-content\/uploads\/2016\/07\/programa.jpg\" alt=\"programa\" width=\"1653\" height=\"861\" srcset=\"https:\/\/eireneargentina.org\/wp-content\/uploads\/2016\/07\/programa.jpg 1653w, https:\/\/eireneargentina.org\/wp-content\/uploads\/2016\/07\/programa-300x156.jpg 300w, https:\/\/eireneargentina.org\/wp-content\/uploads\/2016\/07\/programa-768x400.jpg 768w, https:\/\/eireneargentina.org\/wp-content\/uploads\/2016\/07\/programa-1024x533.jpg 1024w, https:\/\/eireneargentina.org\/wp-content\/uploads\/2016\/07\/programa-150x78.jpg 150w\" sizes=\"(max-width: 1653px) 100vw, 1653px\" \/><\/p>\n<p>Los m\u00f3dulos son:<br \/>\n1. Fundamento b\u00edblico e hist\u00f3rico de la familia<br \/>\n2. Pastoral de la pareja matrimonial<br \/>\n3. Pastoral de la paternidad<br \/>\n4. Pastoral de los ciclos vitales familiares<br \/>\n5. Pastoral de las diferentes configuraciones familiares<br \/>\n6. Pastoral de familias disfuncionales<\/p>\n<h4><strong>UN T\u00cdTULO: <\/strong><\/h4>\n<p>El t\u00edtulo que se ofrece en este programa es: <strong>DIPLOMA EN PASTORAL FAMILIAR<\/strong><\/p>\n<h4><strong>DOS MODALIDADES DE ESTUDIO: <\/strong><\/h4>\n<p><strong>PRESENCIAL<\/strong>: El estudiante se re\u00fane en un grupo de estudio en su propia iglesia.<br \/>\nEs una reuni\u00f3n semanal de dos horas de duraci\u00f3n.<br \/>\nEl grupo de estudio (o la iglesia) decide lugar, d\u00eda y hora de la reuni\u00f3n.<br \/>\nPara el estudio se usan textos programados y videos.<br \/>\nCada grupo es coordinado por un Tutor de la misma iglesia.<br \/>\nTambi\u00e9n uno de los estudiantes puede ser el tutor.<\/p>\n<p><strong>VIRTUAL<\/strong>: Mediante la participaci\u00f3n en grupo de estudio virtuales.<\/p>\n<p><strong>INFORMES<\/strong>: <a href=\"mailto:diplomadopf@eireneargentina.org\">diplomadopf@eireneargentina.org<\/a>; Tel. 011 2454 9608<\/p>\n<p><span style=\"border-radius: 2px; text-indent: 20px; width: auto; padding: 0px 4px 0px 0px; text-align: center; font: bold 11px\/20px 'Helvetica Neue',Helvetica,sans-serif; color: #ffffff; background: #bd081c no-repeat scroll 3px 50% \/ 14px 14px; position: absolute; opacity: 0.85; z-index: 8675309; display: none; cursor: pointer; top: 1442px; left: 20px;\">Guardar<\/span><\/p>\n<p><span style=\"border-radius: 2px; text-indent: 20px; width: auto; padding: 0px 4px 0px 0px; text-align: center; font: bold 11px\/20px 'Helvetica Neue',Helvetica,sans-serif; color: #ffffff; background: #bd081c no-repeat scroll 3px 50% \/ 14px 14px; position: absolute; opacity: 0.85; z-index: 8675309; display: none; cursor: pointer; top: 65px; left: 20px;\">Guardar<\/span><\/p>\n","protected":false},"excerpt":{"rendered":"<p>(Actualizado Abril 2024) PASTORAL FAMILIAR &#8211; Informaci\u00f3n 2024 01-0001 Dictado por EIRENE INSCRIPCIONES ABIERTAS: Seguinos en Facebook El Diplomado consta de 6 m\u00f3dulos de 12\u2026<\/p>\n<p> <a class=\"continue-reading-link\" href=\"https:\/\/eireneargentina.org\/?page_id=332\"><span>Seguir Leyendo<\/span><i class=\"crycon-right-dir\"><\/i><\/a> <\/p>\n","protected":false},"author":1,"featured_media":0,"parent":0,"menu_order":0,"comment_status":"closed","ping_status":"closed","template":"","meta":[],"_links":{"self":[{"href":"https:\/\/eireneargentina.org\/index.php?rest_route=\/wp\/v2\/pages\/332"}],"collection":[{"href":"https:\/\/eireneargentina.org\/index.php?rest_route=\/wp\/v2\/pages"}],"about":[{"href":"https:\/\/eireneargentina.org\/index.php?rest_route=\/wp\/v2\/types\/page"}],"author":[{"embeddable":true,"href":"https:\/\/eireneargentina.org\/index.php?rest_route=\/wp\/v2\/users\/1"}],"replies":[{"embeddable":true,"href":"https:\/\/eireneargentina.org\/index.php?rest_route=%2Fwp%2Fv2%2Fcomments&post=332"}],"version-history":[{"count":48,"href":"https:\/\/eireneargentina.org\/index.php?rest_route=\/wp\/v2\/pages\/332\/revisions"}],"predecessor-version":[{"id":3931,"href":"https:\/\/eireneargentina.org\/index.php?rest_route=\/wp\/v2\/pages\/332\/revisions\/3931"}],"wp:attachment":[{"href":"https:\/\/eireneargentina.org\/index.php?rest_route=%2Fwp%2Fv2%2Fmedia&parent=332"}],"curies":[{"name":"wp","href":"https:\/\/api.w.org\/{rel}","templated":true}]}}