{"id":5,"date":"2014-11-11T03:48:31","date_gmt":"2014-11-11T03:48:31","guid":{"rendered":"https:\/\/eireneargentina.org\/?page_id=5"},"modified":"2019-08-24T01:29:39","modified_gmt":"2019-08-24T01:29:39","slug":"sobre-nuestro-ideario","status":"publish","type":"page","link":"https:\/\/eireneargentina.org\/?page_id=5","title":{"rendered":"Sobre nuestro ideario"},"content":{"rendered":"<p>Entendemos a la familia como un espacio integral y din\u00e1mico, donde el ser humano se forma y desarrolla, teniendo en cuenta los contextos socio-culturales que resultan en diversas configuraciones.<\/p>\n<p>A trav\u00e9s de los tiempos, la familia humana ha atravesado todo tipo de desaf\u00edos y peligros que han puesto en juego su misma supervivencia.<\/p>\n<p>Es en este contexto que Eirene &#8211; Armon\u00eda Plena, quiere presentar el Ideario en el que sustenta sus pr\u00e1cticas:<\/p>\n<p>&nbsp;<\/p>\n<p><strong>1- Creemos que el valor y la dignidad son inherentes a todo ser humano.<\/strong><\/p>\n<p><strong>2-\u00a0 Creemos que la conyugalidad y la familia tienen su origen en un acto creador de Dios.<\/strong><\/p>\n<p><strong>3- Creemos que la conyugalidad, seg\u00fan el ideal de Dios, es monog\u00e1mico, heterosexual, permanente.<\/strong><\/p>\n<p><strong>4- Creemos que los prop\u00f3sitos del matrimonio son: el compa\u00f1erismo, la intimidad y la procreaci\u00f3n.<\/strong><\/p>\n<p><strong>5- Creemos que en el ideal de Dios, las relaciones sexuales se desarrollan en la vida matrimonial, en el marco del afecto, respeto y acuerdo mutuo.<\/strong><\/p>\n<p><strong>6- Creemos que ambos c\u00f3nyuges son iguales en dignidad, responsabilidad y capacidad, promoviendo relaciones sin violencia ni abuso.<\/strong><\/p>\n<p><strong>7- Creemos en la importancia\/necesidad de un v\u00ednculo basado en el respeto y afecto entre padres o adultos responsables e hijos, siendo los padres los primeros responsables.<\/strong><\/p>\n<p><strong>8- creemos que todo ser humano tiene derecho a la vida desde el momento de la concepci\u00f3n.<\/strong><\/p>\n<p><strong>9- Creemos que una persona sola puede desarrollar plenamente su proyecto de vida.<\/strong><\/p>\n<p><strong>10- Creemos que la familia est\u00e1 llamada a ponerse al servicio de la comunidad y contribuir a la manifestaci\u00f3n del Reino de Dios en toda la Tierra.<\/strong><\/p>\n<p>&nbsp;<\/p>\n","protected":false},"excerpt":{"rendered":"<p>Entendemos a la familia como un espacio integral y din\u00e1mico, donde el ser humano se forma y desarrolla, teniendo en cuenta los contextos socio-culturales que\u2026<\/p>\n<p> <a class=\"continue-reading-link\" href=\"https:\/\/eireneargentina.org\/?page_id=5\"><span>Seguir Leyendo<\/span><i class=\"crycon-right-dir\"><\/i><\/a> <\/p>\n","protected":false},"author":1,"featured_media":0,"parent":2,"menu_order":0,"comment_status":"closed","ping_status":"closed","template":"","meta":[],"_links":{"self":[{"href":"https:\/\/eireneargentina.org\/index.php?rest_route=\/wp\/v2\/pages\/5"}],"collection":[{"href":"https:\/\/eireneargentina.org\/index.php?rest_route=\/wp\/v2\/pages"}],"about":[{"href":"https:\/\/eireneargentina.org\/index.php?rest_route=\/wp\/v2\/types\/page"}],"author":[{"embeddable":true,"href":"https:\/\/eireneargentina.org\/index.php?rest_route=\/wp\/v2\/users\/1"}],"replies":[{"embeddable":true,"href":"https:\/\/eireneargentina.org\/index.php?rest_route=%2Fwp%2Fv2%2Fcomments&post=5"}],"version-history":[{"count":4,"href":"https:\/\/eireneargentina.org\/index.php?rest_route=\/wp\/v2\/pages\/5\/revisions"}],"predecessor-version":[{"id":2391,"href":"https:\/\/eireneargentina.org\/index.php?rest_route=\/wp\/v2\/pages\/5\/revisions\/2391"}],"up":[{"embeddable":true,"href":"https:\/\/eireneargentina.org\/index.php?rest_route=\/wp\/v2\/pages\/2"}],"wp:attachment":[{"href":"https:\/\/eireneargentina.org\/index.php?rest_route=%2Fwp%2Fv2%2Fmedia&parent=5"}],"curies":[{"name":"wp","href":"https:\/\/api.w.org\/{rel}","templated":true}]}}