{"id":7,"date":"2014-11-11T03:50:15","date_gmt":"2014-11-11T03:50:15","guid":{"rendered":"https:\/\/eireneargentina.org\/?page_id=7"},"modified":"2024-05-10T22:36:48","modified_gmt":"2024-05-10T22:36:48","slug":"centro-familiar","status":"publish","type":"page","link":"https:\/\/eireneargentina.org\/?page_id=7","title":{"rendered":"Centro Familiar"},"content":{"rendered":"<h3 class=\"tituloCf\"><img decoding=\"async\" loading=\"lazy\" class=\"aligncenter size-full wp-image-1654\" src=\"https:\/\/eireneargentina.org\/wp-content\/uploads\/2014\/11\/centro-fliar-2018.jpg\" alt=\"centro-fliar-2018\" width=\"628\" height=\"743\" srcset=\"https:\/\/eireneargentina.org\/wp-content\/uploads\/2014\/11\/centro-fliar-2018.jpg 628w, https:\/\/eireneargentina.org\/wp-content\/uploads\/2014\/11\/centro-fliar-2018-254x300.jpg 254w, https:\/\/eireneargentina.org\/wp-content\/uploads\/2014\/11\/centro-fliar-2018-127x150.jpg 127w\" sizes=\"(max-width: 628px) 100vw, 628px\" \/><\/h3>\n<h3 class=\"tituloCf\" style=\"text-align: center;\">Psic\u00f3logos cristianos al servicio de su familia y la comunidad.<\/h3>\n<p><img decoding=\"async\" loading=\"lazy\" class=\"aligncenter size-full wp-image-1529\" src=\"https:\/\/eireneargentina.org\/wp-content\/uploads\/2014\/11\/Centro-Familiar.jpg\" alt=\"centro-familiar\" width=\"1280\" height=\"718\" srcset=\"https:\/\/eireneargentina.org\/wp-content\/uploads\/2014\/11\/Centro-Familiar.jpg 1280w, https:\/\/eireneargentina.org\/wp-content\/uploads\/2014\/11\/Centro-Familiar-300x168.jpg 300w, https:\/\/eireneargentina.org\/wp-content\/uploads\/2014\/11\/Centro-Familiar-768x431.jpg 768w, https:\/\/eireneargentina.org\/wp-content\/uploads\/2014\/11\/Centro-Familiar-1024x574.jpg 1024w, https:\/\/eireneargentina.org\/wp-content\/uploads\/2014\/11\/Centro-Familiar-150x84.jpg 150w\" sizes=\"(max-width: 1280px) 100vw, 1280px\" \/><\/p>\n<p><span style=\"color: #000000;\">Se puede <strong>solicitar turnos<\/strong> al tel\u00e9fono 11 2509 6415<strong>\u00a0 \u00f3<\/strong> escribir a: <strong><em>centrofamiliar@eireneargentina.org <\/em><\/strong>o <strong>enviarnos un mensaje<\/strong>.<\/span><\/p>\n<h1><img decoding=\"async\" loading=\"lazy\" class=\"aligncenter wp-image-2695 size-full\" src=\"https:\/\/eireneargentina.org\/wp-content\/uploads\/2014\/11\/2020-07-Centro-Familiar.jpeg\" width=\"1195\" height=\"1280\" srcset=\"https:\/\/eireneargentina.org\/wp-content\/uploads\/2014\/11\/2020-07-Centro-Familiar.jpeg 1195w, https:\/\/eireneargentina.org\/wp-content\/uploads\/2014\/11\/2020-07-Centro-Familiar-280x300.jpeg 280w, https:\/\/eireneargentina.org\/wp-content\/uploads\/2014\/11\/2020-07-Centro-Familiar-768x823.jpeg 768w, https:\/\/eireneargentina.org\/wp-content\/uploads\/2014\/11\/2020-07-Centro-Familiar-956x1024.jpeg 956w, https:\/\/eireneargentina.org\/wp-content\/uploads\/2014\/11\/2020-07-Centro-Familiar-140x150.jpeg 140w\" sizes=\"(max-width: 1195px) 100vw, 1195px\" \/><\/h1>\n<h1><span style=\"color: #3366ff;\"><strong>Qui\u00e9nes somos<\/strong><\/span><\/h1>\n<p><span style=\"color: #000000;\">El Centro Familiar es un lugar donde las personas y las instituciones pueden recibir ayuda para enriquecer sus v\u00ednculos y resolver situaciones problem\u00e1ticas.<\/span><\/p>\n<p><span style=\"color: #000000;\">Somos un equipo conformado por Licenciados en psicolog\u00eda, psicopedag\u00f3gos, abogados y psiquiatras cristianos con un fuerte compromiso\u00a0 en el\u00a0 servicio hacia la familia y la comunidad. Conformamos un equipo profesional que se capacita, supervisa y trabaja de manera integrada.<\/span><\/p>\n<h1><span style=\"color: #3366ff;\"><strong>Qu\u00e9 ofrecemos\u00a0<\/strong><\/span><\/h1>\n<p><span style=\"color: #000000;\">Tratamiento para Ni\u00f1os, Adolescentes, Adultos.<\/span><\/p>\n<p><span style=\"color: #3366ff;\"><strong>o\u00a0\u00a0\u00a0 Terapia de pareja<\/strong><\/span><\/p>\n<p><span style=\"color: #3366ff;\"><strong>o\u00a0\u00a0\u00a0 Terapia familiar<\/strong><\/span><\/p>\n<p><span style=\"color: #3366ff;\"><strong>o\u00a0\u00a0\u00a0 Psicodiagn\u00f3stico<br \/>\n<\/strong><\/span><\/p>\n<p><span style=\"color: #3366ff;\"><strong>o\u00a0\u00a0\u00a0 Evaluaci\u00f3n y tratamiento Psicopedag\u00f3gico<\/strong><\/span><\/p>\n<p><span style=\"color: #3366ff;\"><strong>o\u00a0\u00a0\u00a0 Tratamiento de trastornos del \u00e1nimo, de p\u00e1nico, depresi\u00f3n, ansiedad, fobias.<\/strong><\/span><\/p>\n<p><span style=\"color: #3366ff;\"><strong>o\u00a0\u00a0\u00a0 Escuela para padres<\/strong><\/span><\/p>\n<p><span style=\"color: #3366ff;\"><strong>o\u00a0\u00a0\u00a0 Orientaci\u00f3n vocacional<\/strong><\/span><\/p>\n<p><span style=\"color: #3366ff;\"><strong>o\u00a0\u00a0\u00a0 Evaluaci\u00f3n neurocognitiva del aprendizaje<\/strong><\/span><\/p>\n<p><span style=\"color: #3366ff;\"><strong>o\u00a0\u00a0\u00a0 Evaluaci\u00f3n neurocognitiva en adultos<\/strong><\/span><\/p>\n<p><span style=\"color: #3366ff;\"><strong>o\u00a0\u00a0\u00a0 Terapia on line (para CABA, Gran Buenos Aires e Interior)<br \/>\n<\/strong><\/span><\/p>\n<p><span style=\"color: #3366ff;\"><strong>o\u00a0 \u00a0 Supervisi\u00f3n de casos cl\u00ednicos\u00a0<\/strong><\/span><\/p>\n<p><span style=\"color: #3366ff;\"><strong>o\u00a0 \u00a0 After Session &#8211; 2 encuentro anuales gratuitos- un espacio de reflexi\u00f3n para profesionales y l\u00edderes<\/strong><\/span><\/p>\n<p><span style=\"color: #3366ff;\"><strong>o\u00a0Terapia individual de adultos<\/strong> <\/span><\/p>\n<p><span style=\"color: #3366ff;\"><strong>o Consultor\u00eda Laboral<\/strong> <\/span><\/p>\n<h2><span style=\"color: #3366ff;\"><strong>o\u00a0Diagn\u00f3stico y tratamiento de ni\u00f1os y adolescentes<\/strong><\/span><\/h2>\n<p>&nbsp;<\/p>\n<h1><span style=\"color: #3366ff;\"><strong>D\u00f3nde<\/strong><\/span><\/h1>\n<p><span style=\"color: #000000;\">Nuestra sede central en\u00a0 Ciudad Aut\u00f3noma de Buenos Aires.<\/span><\/p>\n<p><span style=\"color: #000000;\">Tambi\u00e9n contamos con consultorios en distinta zonas de capital, en Microcentro y gran Buenos Aires (Zona Oeste y Wilde).<\/span><\/p>\n<h1><span style=\"color: #3366ff;\"><strong>Admisiones<\/strong><\/span><\/h1>\n<p><span style=\"color: #000000;\">Se puede solicitar turnos al tel\u00e9fono 11 2509 6415, o escribir a:\u00a0 <strong>centrofamiliar@eireneargentina.org<\/strong><\/span><\/p>\n<h1><span style=\"color: #3366ff;\"><strong>Miembros del equipo<\/strong><\/span><\/h1>\n<h2><span style=\"color: #3366ff;\"><strong>Coordinadora<\/strong>:<\/span> <span style=\"color: #000000;\">Lic \u00a0Myriam BIONDI.<\/span><\/h2>\n<p><span style=\"color: #000000;\">Psicopedagoga,\u00a0 especialista en neuropsicolog\u00eda.<\/span><\/p>\n<p><span style=\"color: #000000;\">Se desempe\u00f1a en consultorio privado, e instituciones educativas. Realiz\u00f3\u00a0 su concurrencia en el Hospital Zubizarreta.<\/span><\/p>\n<p><span style=\"color: #000000;\">Brinda talleres sobre adolescencia y familia, junto al Mag. Jorge Galli\u00a0 realiz\u00f3 el\u00a0 material de: \u00abEscuela para Padres\u00bb Es docente de\u00a0 Pastoral Familiar de EIRENE- FIET y Pastoral Adolescente ADOS- FIET<\/span><\/p>\n<p>&nbsp;<\/p>\n<p><span style=\"color: #000000;\">&#8211;<span style=\"color: #3366ff;\"><strong>Admisi\u00f3n presencial:<\/strong><\/span> Lic. Susana ZALAZAR.<\/span><\/p>\n<p><span style=\"color: #000000;\"><strong>&#8211;<span style=\"color: #3366ff;\">Admisi\u00f3n on line<\/span><\/strong><span style=\"color: #3366ff;\">:<\/span> Lic. Carol SARACCO<\/span><\/p>\n<p><span style=\"color: #000000;\">&#8211;<span style=\"color: #3366ff;\"><strong>Supervisor<\/strong>:<\/span> Lic. Gustavo VALI\u00d1O<\/span><\/p>\n<p><span style=\"color: #000000;\">&#8211;<span style=\"color: #3366ff;\"><strong>Consultora externa<\/strong>:<\/span> Lic. Mar\u00eda Elena MAMARIAN<br \/>\n<\/span><\/p>\n<p>&#8211;<span style=\"color: #3366ff;\"><strong>Coordinadora de los After Session<\/strong>:<\/span> Lic. Nancy OUBI\u00d1A<\/p>\n<p><strong><span style=\"color: #000000;\">&#8211;<span style=\"color: #3366ff;\">Atenci\u00f3n psicol\u00f3gica:<\/span><\/span><\/strong><\/p>\n<p><strong>SEDE CENTRAL<\/strong> . CABA.<br \/>\nCONSULTORIOS: FLORES, LINIERS, DEVOTO, MARTINEZ , ZONA SUR.<\/p>\n<p>Solicitar turnos a: centrofamiliar@eireneargentina.org<\/p>\n<p style=\"text-align: left;\"><span style=\"color: #0000ff;\"><strong>Psicolog\u00eda:<\/strong><\/span><br \/>\nLic. Paola Anzovino<br \/>\nLic. Viviana Balbachan<br \/>\nLic. Mat\u00edas Gutawski<br \/>\nLic. Massone Federico<br \/>\nLic Carolina Kerikian<br \/>\nLic. Oubi\u00f1a Nancy<br \/>\nLic. Carol Saraco<br \/>\nLic. Agust\u00edn Sosa<br \/>\nLic. Patricia Quintana<br \/>\nLic. Susana Zalazar<\/p>\n<p><span style=\"color: #000000;\"><strong>Psiquiatr\u00eda: <\/strong>Dr. Jos\u00e9 Serra<\/span><\/p>\n<p><strong><span style=\"color: #000000;\"><span style=\"color: #3366ff;\"><span style=\"color: #000000;\">Orientaci\u00f3n legal<\/span>:<\/span><\/span><\/strong><br \/>\n<span style=\"color: #000000;\"> Dra. Elizabeth Hillewaert<\/span><br \/>\n<span style=\"color: #000000;\"> Dra. B\u00e1rbara Zaninoicia<\/span><\/p>\n<p><strong>SUBSEDE EN ZONA OESTE\u00a0<\/strong><br \/>\nEspecializado en ni\u00f1os y adolescentes.<br \/>\nVillegas 2417 San Justo<\/p>\n<p><strong>Psicolog\u00eda<\/strong><br \/>\nLic. Melody Brescia<br \/>\nLic Mailen Peralta<\/p>\n<p><strong>Fonoaudiolog\u00eda<\/strong><br \/>\nLIc Carina Chadarevian<\/p>\n<p><strong>Psicopedagog\u00eda<\/strong><br \/>\nLic Myriam Biondi<\/p>\n<p><strong>NUEVO CENTRO FAMILIAR EN SAN JUSTO, ZONA OESTE-<\/strong>.\u00a0 SOLICITAR TURNOS A centrofamiliar@eireneargentina.org o dejar mensaje para centro familiar eirene al Tel.\u00a0 11 2509 6415<\/p>\n<p>&#8211; <strong>PSIQUIATR\u00cdA EN EL CENTRO FAMILIAR<\/strong> &#8211;<\/p>\n<p><span style=\"color: #3366ff;\"><strong>EL CENTRO FAMILIAR Y OTROS DE SUS SERVICIOS :<\/strong><\/span><\/p>\n<p><img decoding=\"async\" loading=\"lazy\" class=\"aligncenter size-full wp-image-288\" src=\"https:\/\/eireneargentina.org\/wp-content\/uploads\/2014\/11\/TERAPIAS-ONLINE-1.jpg\" alt=\"TERAPIAS-ONLINE\" width=\"540\" height=\"294\" srcset=\"https:\/\/eireneargentina.org\/wp-content\/uploads\/2014\/11\/TERAPIAS-ONLINE-1.jpg 540w, https:\/\/eireneargentina.org\/wp-content\/uploads\/2014\/11\/TERAPIAS-ONLINE-1-300x163.jpg 300w, https:\/\/eireneargentina.org\/wp-content\/uploads\/2014\/11\/TERAPIAS-ONLINE-1-150x82.jpg 150w\" sizes=\"(max-width: 540px) 100vw, 540px\" \/><\/p>\n<p>&nbsp;<\/p>\n<p>&nbsp;<\/p>\n<p><img decoding=\"async\" loading=\"lazy\" class=\"aligncenter size-full wp-image-291\" src=\"https:\/\/eireneargentina.org\/wp-content\/uploads\/2014\/11\/supervision.jpg\" alt=\"supervision\" width=\"445\" height=\"170\" srcset=\"https:\/\/eireneargentina.org\/wp-content\/uploads\/2014\/11\/supervision.jpg 445w, https:\/\/eireneargentina.org\/wp-content\/uploads\/2014\/11\/supervision-300x115.jpg 300w, https:\/\/eireneargentina.org\/wp-content\/uploads\/2014\/11\/supervision-150x57.jpg 150w\" sizes=\"(max-width: 445px) 100vw, 445px\" \/><\/p>\n<p style=\"text-align: center;\"><a href=\"mailto:centrofamiliar@eireneargentina.org\">centrofamiliar@eireneargentina.org<\/a><\/p>\n<p><span style=\"color: #ffffff;\"><img decoding=\"async\" loading=\"lazy\" class=\"aligncenter size-full wp-image-294\" src=\"https:\/\/eireneargentina.org\/wp-content\/uploads\/2014\/11\/CENTRO-FAMILIAR-1.jpg\" alt=\"CENTRO-FAMILIAR\" width=\"1070\" height=\"516\" srcset=\"https:\/\/eireneargentina.org\/wp-content\/uploads\/2014\/11\/CENTRO-FAMILIAR-1.jpg 1070w, https:\/\/eireneargentina.org\/wp-content\/uploads\/2014\/11\/CENTRO-FAMILIAR-1-300x145.jpg 300w, https:\/\/eireneargentina.org\/wp-content\/uploads\/2014\/11\/CENTRO-FAMILIAR-1-768x370.jpg 768w, https:\/\/eireneargentina.org\/wp-content\/uploads\/2014\/11\/CENTRO-FAMILIAR-1-1024x494.jpg 1024w, https:\/\/eireneargentina.org\/wp-content\/uploads\/2014\/11\/CENTRO-FAMILIAR-1-150x72.jpg 150w\" sizes=\"(max-width: 1070px) 100vw, 1070px\" \/><\/span><\/p>\n<p>&nbsp;<\/p>\n<p><img decoding=\"async\" loading=\"lazy\" class=\"aligncenter size-full wp-image-1410\" src=\"https:\/\/eireneargentina.org\/wp-content\/uploads\/2014\/11\/CF2018.png\" alt=\"cf2018\" width=\"1200\" height=\"630\" srcset=\"https:\/\/eireneargentina.org\/wp-content\/uploads\/2014\/11\/CF2018.png 1200w, https:\/\/eireneargentina.org\/wp-content\/uploads\/2014\/11\/CF2018-300x158.png 300w, https:\/\/eireneargentina.org\/wp-content\/uploads\/2014\/11\/CF2018-768x403.png 768w, https:\/\/eireneargentina.org\/wp-content\/uploads\/2014\/11\/CF2018-1024x538.png 1024w, https:\/\/eireneargentina.org\/wp-content\/uploads\/2014\/11\/CF2018-150x79.png 150w\" sizes=\"(max-width: 1200px) 100vw, 1200px\" \/><\/p>\n","protected":false},"excerpt":{"rendered":"<p>Psic\u00f3logos cristianos al servicio de su familia y la comunidad. Se puede solicitar turnos al tel\u00e9fono 11 2509 6415\u00a0 \u00f3 escribir a: centrofamiliar@eireneargentina.org o enviarnos\u2026<\/p>\n<p> <a class=\"continue-reading-link\" href=\"https:\/\/eireneargentina.org\/?page_id=7\"><span>Seguir Leyendo<\/span><i class=\"crycon-right-dir\"><\/i><\/a> <\/p>\n","protected":false},"author":1,"featured_media":0,"parent":0,"menu_order":0,"comment_status":"closed","ping_status":"closed","template":"","meta":[],"_links":{"self":[{"href":"https:\/\/eireneargentina.org\/index.php?rest_route=\/wp\/v2\/pages\/7"}],"collection":[{"href":"https:\/\/eireneargentina.org\/index.php?rest_route=\/wp\/v2\/pages"}],"about":[{"href":"https:\/\/eireneargentina.org\/index.php?rest_route=\/wp\/v2\/types\/page"}],"author":[{"embeddable":true,"href":"https:\/\/eireneargentina.org\/index.php?rest_route=\/wp\/v2\/users\/1"}],"replies":[{"embeddable":true,"href":"https:\/\/eireneargentina.org\/index.php?rest_route=%2Fwp%2Fv2%2Fcomments&post=7"}],"version-history":[{"count":57,"href":"https:\/\/eireneargentina.org\/index.php?rest_route=\/wp\/v2\/pages\/7\/revisions"}],"predecessor-version":[{"id":3897,"href":"https:\/\/eireneargentina.org\/index.php?rest_route=\/wp\/v2\/pages\/7\/revisions\/3897"}],"wp:attachment":[{"href":"https:\/\/eireneargentina.org\/index.php?rest_route=%2Fwp%2Fv2%2Fmedia&parent=7"}],"curies":[{"name":"wp","href":"https:\/\/api.w.org\/{rel}","templated":true}]}}