{"id":9,"date":"2014-11-11T03:53:30","date_gmt":"2014-11-11T03:53:30","guid":{"rendered":"https:\/\/eireneargentina.org\/?page_id=9"},"modified":"2022-12-19T23:38:10","modified_gmt":"2022-12-19T23:38:10","slug":"isfi","status":"publish","type":"page","link":"https:\/\/eireneargentina.org\/?page_id=9","title":{"rendered":"Instituto Superior de Formaci\u00f3n Integral (ISFI)"},"content":{"rendered":"<h3 style=\"text-align: left;\"><img decoding=\"async\" loading=\"lazy\" class=\"aligncenter size-full wp-image-2703\" src=\"https:\/\/eireneargentina.org\/wp-content\/uploads\/2014\/11\/2020-08-ISFI-Nuevo-telef.jpg\" alt=\"2020-08-isfi-nuevo-telef\" width=\"526\" height=\"526\" srcset=\"https:\/\/eireneargentina.org\/wp-content\/uploads\/2014\/11\/2020-08-ISFI-Nuevo-telef.jpg 526w, https:\/\/eireneargentina.org\/wp-content\/uploads\/2014\/11\/2020-08-ISFI-Nuevo-telef-150x150.jpg 150w, https:\/\/eireneargentina.org\/wp-content\/uploads\/2014\/11\/2020-08-ISFI-Nuevo-telef-300x300.jpg 300w\" sizes=\"(max-width: 526px) 100vw, 526px\" \/><\/h3>\n<h2 style=\"text-align: left;\"><strong>CICLO LECTIVO 2023 &#8211; INSCRIPCIONES ABIERTAS<\/strong><\/h2>\n<h3 style=\"text-align: left;\"><strong>CARRERAS T\u00c9CNICAS DE NIVEL SUPERIOR<\/strong><\/h3>\n<hr \/>\n<p>OPCION PEDAG\u00d3GICA A DISTANCIA<\/p>\n<hr \/>\n<ol>\n<li style=\"text-align: left;\"><a href=\"http:\/\/isfi.edu.ar\/orientacion-familiar\/\" target=\"_blank\" rel=\"noopener\">Tecnicatura Superior en Orientaci\u00f3n Familiar\u00a0\u00a0 <\/a>(CFE 2650\/2022 \u2013 RMEDGC 1181\/2022)<\/li>\n<li><a href=\"https:\/\/isfi.edu.ar\/oferta\/carreras-oficiales\/acompanamiento-terapeutico\/\">Tecnicatura Superior en Acompa\u00f1amiento Terap\u00e9utico<\/a>\u00a0 (RMEDGC 2253\/2020)<\/li>\n<\/ol>\n<hr \/>\n<h3><strong>POST\u00cdTULOS T\u00c9CNICOS DE NIVEL SUPERIOR<\/strong><\/h3>\n<hr \/>\n<p style=\"text-align: left;\">OPCION PEDAG\u00d3GICA A DISTANCIA<\/p>\n<ol>\n<li style=\"text-align: left;\"><a href=\"http:\/\/isfi.edu.ar\/especializacionvf\/\">Especializaci\u00f3n T\u00e9cnica de Nivel Superior en Violencia Familiar<\/a> \u2013 (CFE 2305\/2018 &#8211; RMEIGC 600\/2019)<\/li>\n<li style=\"text-align: left;\"><a href=\"http:\/\/isfi.edu.ar\/especializacionfsrc\/\">Especializaci\u00f3n T\u00e9cnica de Nivel Superior en Formas Sociales de Resoluci\u00f3n de Conflictos<\/a> &#8211;\u00a0 (CFE 2306\/2018 &#8211; RMEIGC 72\/2019)<\/li>\n<\/ol>\n<hr \/>\n<p>&nbsp;<\/p>\n<hr \/>\n<h4><strong>CURSOS Y JORNADAS DE PERFECCIONAMIENTO T\u00c9CNICO-PROFESIONAL<br \/>\n<\/strong><\/h4>\n<p>&nbsp;<\/p>\n<h6><\/h6>\n<h3>Para m\u00e1s informaci\u00f3n sobre nuestros programas:<br \/>\n<a href=\"mailto:info@isfi.edu.ar\" target=\"_blank\" rel=\"noopener\">info@isfi.edu.ar<\/a> | <a href=\"http:\/\/www.isfi.edu.ar\/\" target=\"_blank\" rel=\"noopener\">www.isfi.edu.ar<\/a><br \/>\n(011) 26149534<br \/>\nCiudad Aut\u00f3noma de Buenos Aires.<\/h3>\n<address>\u00a0<\/address>\n<p>&nbsp;<\/p>\n<p>&nbsp;<\/p>\n<p><span style=\"border-radius: 2px; text-indent: 20px; width: auto; padding: 0px 4px 0px 0px; text-align: center; font: bold 11px\/20px 'Helvetica Neue',Helvetica,sans-serif; color: #ffffff; background: #bd081c no-repeat scroll 3px 50% \/ 14px 14px; position: absolute; opacity: 1; z-index: 8675309; display: none; cursor: pointer;\">Guardar<\/span><\/p>\n<p><span style=\"border-radius: 2px; text-indent: 20px; width: auto; padding: 0px 4px 0px 0px; text-align: center; font: bold 11px\/20px 'Helvetica Neue',Helvetica,sans-serif; color: #ffffff; background: #bd081c no-repeat scroll 3px 50% \/ 14px 14px; position: absolute; opacity: 1; z-index: 8675309; display: none; cursor: pointer;\">Guardar<\/span><\/p>\n<p><span style=\"border-radius: 2px; text-indent: 20px; width: auto; padding: 0px 4px 0px 0px; text-align: center; font: bold 11px\/20px 'Helvetica Neue',Helvetica,sans-serif; color: #ffffff; background: #bd081c no-repeat scroll 3px 50% \/ 14px 14px; position: absolute; opacity: 0.85; z-index: 8675309; display: none; cursor: pointer; top: 36px; left: 113px;\">Guardar<\/span><\/p>\n<p><span style=\"border-radius: 2px; text-indent: 20px; width: auto; padding: 0px 4px 0px 0px; text-align: center; font: bold 11px\/20px 'Helvetica Neue',Helvetica,sans-serif; color: #ffffff; background: #bd081c no-repeat scroll 3px 50% \/ 14px 14px; position: absolute; opacity: 0.85; z-index: 8675309; display: none; cursor: pointer; top: 173px; left: 113px;\">Guardar<\/span><\/p>\n<p><span style=\"border-radius: 2px; text-indent: 20px; width: auto; padding: 0px 4px 0px 0px; text-align: center; font: bold 11px\/20px 'Helvetica Neue',Helvetica,sans-serif; color: #ffffff; background: #bd081c no-repeat scroll 3px 50% \/ 14px 14px; position: absolute; opacity: 0.85; z-index: 8675309; display: none; cursor: pointer; top: 169px; left: 113px;\">Guardar<\/span><\/p>\n<p><span style=\"border-radius: 2px; text-indent: 20px; width: auto; padding: 0px 4px 0px 0px; text-align: center; font: bold 11px\/20px 'Helvetica Neue',Helvetica,sans-serif; color: #ffffff; background: #bd081c no-repeat scroll 3px 50% \/ 14px 14px; position: absolute; opacity: 0.85; z-index: 8675309; display: none; cursor: pointer; top: 173px; left: 113px;\">Guardar<\/span><\/p>\n","protected":false},"excerpt":{"rendered":"<p>CICLO LECTIVO 2023 &#8211; INSCRIPCIONES ABIERTAS CARRERAS T\u00c9CNICAS DE NIVEL SUPERIOR OPCION PEDAG\u00d3GICA A DISTANCIA Tecnicatura Superior en Orientaci\u00f3n Familiar\u00a0\u00a0 (CFE 2650\/2022 \u2013 RMEDGC 1181\/2022)\u2026<\/p>\n<p> <a class=\"continue-reading-link\" href=\"https:\/\/eireneargentina.org\/?page_id=9\"><span>Seguir Leyendo<\/span><i class=\"crycon-right-dir\"><\/i><\/a> <\/p>\n","protected":false},"author":1,"featured_media":0,"parent":0,"menu_order":0,"comment_status":"closed","ping_status":"closed","template":"","meta":[],"_links":{"self":[{"href":"https:\/\/eireneargentina.org\/index.php?rest_route=\/wp\/v2\/pages\/9"}],"collection":[{"href":"https:\/\/eireneargentina.org\/index.php?rest_route=\/wp\/v2\/pages"}],"about":[{"href":"https:\/\/eireneargentina.org\/index.php?rest_route=\/wp\/v2\/types\/page"}],"author":[{"embeddable":true,"href":"https:\/\/eireneargentina.org\/index.php?rest_route=\/wp\/v2\/users\/1"}],"replies":[{"embeddable":true,"href":"https:\/\/eireneargentina.org\/index.php?rest_route=%2Fwp%2Fv2%2Fcomments&post=9"}],"version-history":[{"count":43,"href":"https:\/\/eireneargentina.org\/index.php?rest_route=\/wp\/v2\/pages\/9\/revisions"}],"predecessor-version":[{"id":3782,"href":"https:\/\/eireneargentina.org\/index.php?rest_route=\/wp\/v2\/pages\/9\/revisions\/3782"}],"wp:attachment":[{"href":"https:\/\/eireneargentina.org\/index.php?rest_route=%2Fwp%2Fv2%2Fmedia&parent=9"}],"curies":[{"name":"wp","href":"https:\/\/api.w.org\/{rel}","templated":true}]}}